{"id":357,"date":"2025-10-20T17:23:02","date_gmt":"2025-10-20T15:23:02","guid":{"rendered":"https:\/\/evig.studio\/?page_id=357"},"modified":"2025-10-20T17:59:36","modified_gmt":"2025-10-20T15:59:36","slug":"informasjonskapsler","status":"publish","type":"page","link":"https:\/\/evig.studio\/index.php\/informasjonskapsler\/","title":{"rendered":"Cookie-erkl\u00e6ring"},"content":{"rendered":"\n<p>P\u00e5 denne nettsiden benytter vi cookies. Denne cookie-erkl\u00e6ringen beskriver bruken av cookies p\u00e5 evig.studio, samt hvilke til hvilke form\u00e5l vi benytter cookies.<\/p>\n\n\n\n<p><strong>Definisjoner:<\/strong><\/p>\n\n\n\n<ul class=\"wp-block-list\">\n<li>Cookies: en teknologi som oss lagre og lese informasjon i din nettleser, og det kan brukes til mange ulike form\u00e5l.<\/li>\n\n\n\n<li>F\u00f8rsteparts-cookies er cookies som er satt av og brukes av denne nettsiden,<\/li>\n\n\n\n<li>Tredjeparts-cookies er cookies som settes og brukes av tredjeparter, det vil si andre nettsider\/tjenester vi benytter oss av p\u00e5 denne nettsiden. Alle tredjeparts-cookies p\u00e5 nette nettsiden er dokumentert ved navn.<\/li>\n<\/ul>\n\n\n\n<p>Denne nettsiden bruker b\u00e5de f\u00f8rsteparts-cookies og tredjeparts-cookies.<\/p>\n\n\n\n<p>Vi bruker cookies til f\u00f8lgende form\u00e5l:<\/p>\n\n\n\n<p><strong>Funksjonelle cookies<\/strong><br>Dette er n\u00f8dvendige cookies s\u00f8rger for at denne nettsiden fungerer som den skal.<\/p>\n\n\n\n<p><strong>Analyse og statistikk<\/strong><br>Dette er cookies som bruker til trafikkm\u00e5linger og analyse av bruksm\u00f8nster etc.<\/p>\n\n\n\n<p><strong>Personalisering\/tilpasning<\/strong><br>Cookies som brukes til \u00e5 tilpasse nettsiden basert p\u00e5 hva vi vet om deg. Det kan for eksempel v\u00e6re at vi viser informasjon om produkter\/tjenester som vi tror kan v\u00e6re interessant for deg fordi du har vist interesse for produktet\/tjenesten fra tidligere bes\u00f8k p\u00e5 nettsiden.<\/p>\n\n\n\n<p><strong>Markedsf\u00f8ring<\/strong><br>Dette er cookies som brukes til styre v\u00e5r markedsf\u00f8ring, ved for eksempel \u00e5 vise annonser p\u00e5 andre nettsider til de som har bes\u00f8kt denne nettsiden.<\/p>\n\n\n\n<p><strong>Annonser<\/strong><br>Dette er cookies som brukes til \u00e5 vise annonser p\u00e5 denne nettsiden.<\/p>\n\n\n\n<p>Oversikt over cookies p\u00e5 evig.studio<\/p>\n\n\n\n<figure class=\"wp-block-table is-style-regular\"><table><thead><tr><th><strong>Navn<\/strong><\/th><th><strong>Form\u00e5l<\/strong><\/th><th><strong>Varighet<\/strong><\/th><th><strong>Mottaker\/leverand\u00f8r<\/strong><\/th><\/tr><\/thead><tbody><tr><td>sbjs_migrations<\/td><td>Analyse<\/td><td>Sesjon<\/td><td>Sourcebuster<\/td><\/tr><tr><td>sbjs_current_add<\/td><td>Analyse<\/td><td>Sesjon<\/td><td>Sourcebuster<\/td><\/tr><tr><td>sbjs_first_add<\/td><td>Analyse<\/td><td>Sesjon<\/td><td>Sourcebuster<\/td><\/tr><tr><td>sbjs_current<\/td><td>Analyse<\/td><td>Sesjon<\/td><td>Sourcebuster<\/td><\/tr><tr><td>sbjs_first<\/td><td>Analyse<\/td><td>Sesjon<\/td><td>Sourcebuster<\/td><\/tr><tr><td>sbjs_udata<\/td><td>Analyse<\/td><td>Sesjon<\/td><td>Sourcebuster<\/td><\/tr><tr><td>sbjs_session<\/td><td>Analyse<\/td><td>1 time<\/td><td>Sourcebuster<\/td><\/tr><tr><td>tk_or<\/td><td>Analyse<\/td><td>1 \u00e5r, 1 m\u00e5ned, 4 dager<\/td><td>JetPack<\/td><\/tr><tr><td>tk_r3d<\/td><td>Analyse<\/td><td>3 dager<\/td><td>JetPack<\/td><\/tr><tr><td>tk_lr<\/td><td>Analyse<\/td><td>1 \u00e5r<\/td><td>JetPack<\/td><\/tr><tr><td>wpEmojiSettingsSupports<\/td><td>Funksjonell<\/td><td>Sesjon<\/td><td>WordPress<\/td><\/tr><\/tbody><\/table><\/figure>\n","protected":false},"excerpt":{"rendered":"<p>P\u00e5 denne nettsiden benytter vi cookies. Denne cookie-erkl\u00e6ringen beskriver bruken av cookies p\u00e5 evig.studio, samt hvilke til hvilke form\u00e5l vi benytter cookies. Definisjoner: Denne nettsiden bruker b\u00e5de f\u00f8rsteparts-cookies og tredjeparts-cookies. Vi bruker cookies til f\u00f8lgende form\u00e5l: Funksjonelle cookiesDette er n\u00f8dvendige cookies s\u00f8rger for at denne nettsiden fungerer som den skal. Analyse og statistikkDette er cookies [&hellip;]<\/p>\n","protected":false},"author":1,"featured_media":0,"parent":0,"menu_order":0,"comment_status":"closed","ping_status":"closed","template":"","meta":{"footnotes":""},"class_list":["post-357","page","type-page","status-publish","hentry"],"yoast_head":"<!-- This site is optimized with the Yoast SEO plugin v26.1.1 - https:\/\/yoast.com\/wordpress\/plugins\/seo\/ -->\n<title>Cookie-erkl\u00e6ring - Evig<\/title>\n<meta name=\"robots\" content=\"index, follow, max-snippet:-1, max-image-preview:large, max-video-preview:-1\" \/>\n<link rel=\"canonical\" href=\"https:\/\/evig.studio\/index.php\/informasjonskapsler\/\" \/>\n<meta property=\"og:locale\" content=\"nb_NO\" \/>\n<meta property=\"og:type\" content=\"article\" \/>\n<meta property=\"og:title\" content=\"Cookie-erkl\u00e6ring - Evig\" \/>\n<meta property=\"og:description\" content=\"P\u00e5 denne nettsiden benytter vi cookies. Denne cookie-erkl\u00e6ringen beskriver bruken av cookies p\u00e5 evig.studio, samt hvilke til hvilke form\u00e5l vi benytter cookies. Definisjoner: Denne nettsiden bruker b\u00e5de f\u00f8rsteparts-cookies og tredjeparts-cookies. Vi bruker cookies til f\u00f8lgende form\u00e5l: Funksjonelle cookiesDette er n\u00f8dvendige cookies s\u00f8rger for at denne nettsiden fungerer som den skal. Analyse og statistikkDette er cookies [&hellip;]\" \/>\n<meta property=\"og:url\" content=\"https:\/\/evig.studio\/index.php\/informasjonskapsler\/\" \/>\n<meta property=\"og:site_name\" content=\"Evig\" \/>\n<meta property=\"article:modified_time\" content=\"2025-10-20T15:59:36+00:00\" \/>\n<meta name=\"twitter:card\" content=\"summary_large_image\" \/>\n<meta name=\"twitter:label1\" content=\"Ansl. lesetid\" \/>\n\t<meta name=\"twitter:data1\" content=\"1 minutt\" \/>\n<script type=\"application\/ld+json\" class=\"yoast-schema-graph\">{\"@context\":\"https:\/\/schema.org\",\"@graph\":[{\"@type\":\"WebPage\",\"@id\":\"https:\/\/evig.studio\/index.php\/informasjonskapsler\/\",\"url\":\"https:\/\/evig.studio\/index.php\/informasjonskapsler\/\",\"name\":\"Cookie-erkl\u00e6ring - Evig\",\"isPartOf\":{\"@id\":\"https:\/\/evig.studio\/#website\"},\"datePublished\":\"2025-10-20T15:23:02+00:00\",\"dateModified\":\"2025-10-20T15:59:36+00:00\",\"breadcrumb\":{\"@id\":\"https:\/\/evig.studio\/index.php\/informasjonskapsler\/#breadcrumb\"},\"inLanguage\":\"nb-NO\",\"potentialAction\":[{\"@type\":\"ReadAction\",\"target\":[\"https:\/\/evig.studio\/index.php\/informasjonskapsler\/\"]}]},{\"@type\":\"BreadcrumbList\",\"@id\":\"https:\/\/evig.studio\/index.php\/informasjonskapsler\/#breadcrumb\",\"itemListElement\":[{\"@type\":\"ListItem\",\"position\":1,\"name\":\"Hjem\",\"item\":\"https:\/\/evig.studio\/\"},{\"@type\":\"ListItem\",\"position\":2,\"name\":\"Cookie-erkl\u00e6ring\"}]},{\"@type\":\"WebSite\",\"@id\":\"https:\/\/evig.studio\/#website\",\"url\":\"https:\/\/evig.studio\/\",\"name\":\"Evig\",\"description\":\"Alt har v\u00e6rt noe f\u00f8r. Alt kan bli noe igjen.\",\"publisher\":{\"@id\":\"https:\/\/evig.studio\/#organization\"},\"potentialAction\":[{\"@type\":\"SearchAction\",\"target\":{\"@type\":\"EntryPoint\",\"urlTemplate\":\"https:\/\/evig.studio\/?s={search_term_string}\"},\"query-input\":{\"@type\":\"PropertyValueSpecification\",\"valueRequired\":true,\"valueName\":\"search_term_string\"}}],\"inLanguage\":\"nb-NO\"},{\"@type\":\"Organization\",\"@id\":\"https:\/\/evig.studio\/#organization\",\"name\":\"Evig\",\"url\":\"https:\/\/evig.studio\/\",\"logo\":{\"@type\":\"ImageObject\",\"inLanguage\":\"nb-NO\",\"@id\":\"https:\/\/evig.studio\/#\/schema\/logo\/image\/\",\"url\":\"https:\/\/evig.studio\/wp-content\/uploads\/2025\/09\/Brand.jpg\",\"contentUrl\":\"https:\/\/evig.studio\/wp-content\/uploads\/2025\/09\/Brand.jpg\",\"width\":944,\"height\":315,\"caption\":\"Evig\"},\"image\":{\"@id\":\"https:\/\/evig.studio\/#\/schema\/logo\/image\/\"}}]}<\/script>\n<!-- \/ Yoast SEO plugin. -->","yoast_head_json":{"title":"Cookie-erkl\u00e6ring - Evig","robots":{"index":"index","follow":"follow","max-snippet":"max-snippet:-1","max-image-preview":"max-image-preview:large","max-video-preview":"max-video-preview:-1"},"canonical":"https:\/\/evig.studio\/index.php\/informasjonskapsler\/","og_locale":"nb_NO","og_type":"article","og_title":"Cookie-erkl\u00e6ring - Evig","og_description":"P\u00e5 denne nettsiden benytter vi cookies. Denne cookie-erkl\u00e6ringen beskriver bruken av cookies p\u00e5 evig.studio, samt hvilke til hvilke form\u00e5l vi benytter cookies. Definisjoner: Denne nettsiden bruker b\u00e5de f\u00f8rsteparts-cookies og tredjeparts-cookies. Vi bruker cookies til f\u00f8lgende form\u00e5l: Funksjonelle cookiesDette er n\u00f8dvendige cookies s\u00f8rger for at denne nettsiden fungerer som den skal. Analyse og statistikkDette er cookies [&hellip;]","og_url":"https:\/\/evig.studio\/index.php\/informasjonskapsler\/","og_site_name":"Evig","article_modified_time":"2025-10-20T15:59:36+00:00","twitter_card":"summary_large_image","twitter_misc":{"Ansl. lesetid":"1 minutt"},"schema":{"@context":"https:\/\/schema.org","@graph":[{"@type":"WebPage","@id":"https:\/\/evig.studio\/index.php\/informasjonskapsler\/","url":"https:\/\/evig.studio\/index.php\/informasjonskapsler\/","name":"Cookie-erkl\u00e6ring - Evig","isPartOf":{"@id":"https:\/\/evig.studio\/#website"},"datePublished":"2025-10-20T15:23:02+00:00","dateModified":"2025-10-20T15:59:36+00:00","breadcrumb":{"@id":"https:\/\/evig.studio\/index.php\/informasjonskapsler\/#breadcrumb"},"inLanguage":"nb-NO","potentialAction":[{"@type":"ReadAction","target":["https:\/\/evig.studio\/index.php\/informasjonskapsler\/"]}]},{"@type":"BreadcrumbList","@id":"https:\/\/evig.studio\/index.php\/informasjonskapsler\/#breadcrumb","itemListElement":[{"@type":"ListItem","position":1,"name":"Hjem","item":"https:\/\/evig.studio\/"},{"@type":"ListItem","position":2,"name":"Cookie-erkl\u00e6ring"}]},{"@type":"WebSite","@id":"https:\/\/evig.studio\/#website","url":"https:\/\/evig.studio\/","name":"Evig","description":"Alt har v\u00e6rt noe f\u00f8r. Alt kan bli noe igjen.","publisher":{"@id":"https:\/\/evig.studio\/#organization"},"potentialAction":[{"@type":"SearchAction","target":{"@type":"EntryPoint","urlTemplate":"https:\/\/evig.studio\/?s={search_term_string}"},"query-input":{"@type":"PropertyValueSpecification","valueRequired":true,"valueName":"search_term_string"}}],"inLanguage":"nb-NO"},{"@type":"Organization","@id":"https:\/\/evig.studio\/#organization","name":"Evig","url":"https:\/\/evig.studio\/","logo":{"@type":"ImageObject","inLanguage":"nb-NO","@id":"https:\/\/evig.studio\/#\/schema\/logo\/image\/","url":"https:\/\/evig.studio\/wp-content\/uploads\/2025\/09\/Brand.jpg","contentUrl":"https:\/\/evig.studio\/wp-content\/uploads\/2025\/09\/Brand.jpg","width":944,"height":315,"caption":"Evig"},"image":{"@id":"https:\/\/evig.studio\/#\/schema\/logo\/image\/"}}]}},"jetpack_sharing_enabled":true,"_links":{"self":[{"href":"https:\/\/evig.studio\/index.php\/wp-json\/wp\/v2\/pages\/357","targetHints":{"allow":["GET"]}}],"collection":[{"href":"https:\/\/evig.studio\/index.php\/wp-json\/wp\/v2\/pages"}],"about":[{"href":"https:\/\/evig.studio\/index.php\/wp-json\/wp\/v2\/types\/page"}],"author":[{"embeddable":true,"href":"https:\/\/evig.studio\/index.php\/wp-json\/wp\/v2\/users\/1"}],"replies":[{"embeddable":true,"href":"https:\/\/evig.studio\/index.php\/wp-json\/wp\/v2\/comments?post=357"}],"version-history":[{"count":2,"href":"https:\/\/evig.studio\/index.php\/wp-json\/wp\/v2\/pages\/357\/revisions"}],"predecessor-version":[{"id":370,"href":"https:\/\/evig.studio\/index.php\/wp-json\/wp\/v2\/pages\/357\/revisions\/370"}],"wp:attachment":[{"href":"https:\/\/evig.studio\/index.php\/wp-json\/wp\/v2\/media?parent=357"}],"curies":[{"name":"wp","href":"https:\/\/api.w.org\/{rel}","templated":true}]}}