{"id":2,"date":"2025-09-25T11:57:59","date_gmt":"2025-09-25T11:57:59","guid":{"rendered":"https:\/\/evig.studio\/?page_id=2"},"modified":"2025-10-17T15:01:37","modified_gmt":"2025-10-17T13:01:37","slug":"om-evig","status":"publish","type":"page","link":"https:\/\/evig.studio\/index.php\/om-evig\/","title":{"rendered":"Om Evig"},"content":{"rendered":"\n<div class=\"wp-block-columns alignfull is-layout-flex wp-container-core-columns-is-layout-28f84493 wp-block-columns-is-layout-flex\">\n<div class=\"wp-block-column has-base-background-color has-background is-layout-flow wp-block-column-is-layout-flow\" style=\"flex-basis:100%\"><\/div>\n<\/div>\n\n\n\n<div class=\"wp-block-columns alignfull is-layout-flex wp-container-core-columns-is-layout-b7acd7fb wp-block-columns-is-layout-flex\" style=\"border-radius:0px;margin-top:0;margin-bottom:0;padding-top:0;padding-right:0;padding-bottom:0;padding-left:0\">\n<div class=\"wp-block-column has-accent-3-background-color has-background is-layout-flow wp-block-column-is-layout-flow\" style=\"flex-basis:20%\">\n<p class=\"has-text-align-justify wp-container-content-8d1725e3\" style=\"margin-top:var(--wp--preset--spacing--30);margin-right:var(--wp--preset--spacing--30);margin-bottom:var(--wp--preset--spacing--30);margin-left:var(--wp--preset--spacing--30);line-height:1.1;text-transform:uppercase\">Evig \u2013 en var i g\u00e5r <\/p>\n\n\n\n<p class=\"has-text-align-justify wp-container-content-8d1725e3\" style=\"margin-top:var(--wp--preset--spacing--30);margin-right:var(--wp--preset--spacing--30);margin-bottom:var(--wp--preset--spacing--30);margin-left:var(--wp--preset--spacing--30);line-height:1.1;text-transform:uppercase\">alt har v\u00e6rt noe f\u00f8r, alt kan bli noe igjen. evig gir nytt liv til det gamle og brukte. I en tid der ting kastes f\u00f8r de f\u00e5r sette spor, l\u00f8fter evig frem det som fortsatt har kraft i seg. <\/p>\n\n\n\n<p class=\"has-text-align-justify wp-container-content-8d1725e3\" style=\"margin-top:var(--wp--preset--spacing--30);margin-right:var(--wp--preset--spacing--30);margin-bottom:var(--wp--preset--spacing--30);margin-left:var(--wp--preset--spacing--30);line-height:1.1;text-transform:uppercase\">Gamle ressurser b\u00e6rer verdi \u2013 ikke bare fysisk, men ogs\u00e5 i erindringen. Et gulv som har b\u00e5ret levd liv, et bord som har h\u00f8rt samtaler, en d\u00f8r som har st\u00e5tt p\u00e5 gl\u00f8tt i generasjoner. <\/p>\n\n\n\n<p class=\"has-text-align-justify wp-container-content-8d1725e3\" style=\"margin-top:var(--wp--preset--spacing--30);margin-right:var(--wp--preset--spacing--30);margin-bottom:var(--wp--preset--spacing--30);margin-left:var(--wp--preset--spacing--30);line-height:1.1;text-transform:uppercase\">N\u00e5r nytt liv gis til gamle materialer, bevares b\u00e5de stoffet og historien det rommer. Objektene b\u00e6rer med seg det som var, og inviterer til \u00e5 bygge videre \u2013 inn i nye hjem, nye hender, nye tider. <\/p>\n\n\n\n<p class=\"has-text-align-justify wp-container-content-8d1725e3\" style=\"margin-top:var(--wp--preset--spacing--30);margin-right:var(--wp--preset--spacing--30);margin-bottom:var(--wp--preset--spacing--30);margin-left:var(--wp--preset--spacing--30);line-height:1.1;text-transform:uppercase\">For noe varer. Noe begynner p\u00e5 nytt. Slik g\u00e5r tid lag p\u00e5 lag, fra \u00e9n var i g\u00e5r \u2013 til <strong>evig<\/strong>.<\/p>\n<\/div>\n\n\n\n<div class=\"wp-block-column is-vertically-aligned-stretch is-layout-flow wp-block-column-is-layout-flow\" style=\"flex-basis:20%\">\n<div class=\"wp-block-cover is-light has-custom-content-position is-position-top-left wp-duotone-111111-fbfaf3-1\" style=\"min-height:100vh;aspect-ratio:unset;\"><img loading=\"lazy\" decoding=\"async\" width=\"1861\" height=\"2560\" class=\"wp-block-cover__image-background wp-image-242 size-full\" alt=\"\" src=\"https:\/\/evig.studio\/wp-content\/uploads\/2025\/10\/IMG_4358-scaled.jpeg\" data-object-fit=\"cover\" srcset=\"https:\/\/evig.studio\/wp-content\/uploads\/2025\/10\/IMG_4358-scaled.jpeg 1861w, https:\/\/evig.studio\/wp-content\/uploads\/2025\/10\/IMG_4358-218x300.jpeg 218w, https:\/\/evig.studio\/wp-content\/uploads\/2025\/10\/IMG_4358-745x1024.jpeg 745w, https:\/\/evig.studio\/wp-content\/uploads\/2025\/10\/IMG_4358-768x1056.jpeg 768w, https:\/\/evig.studio\/wp-content\/uploads\/2025\/10\/IMG_4358-1117x1536.jpeg 1117w, https:\/\/evig.studio\/wp-content\/uploads\/2025\/10\/IMG_4358-1489x2048.jpeg 1489w, https:\/\/evig.studio\/wp-content\/uploads\/2025\/10\/IMG_4358-600x825.jpeg 600w\" sizes=\"auto, (max-width: 1861px) 100vw, 1861px\" \/><span aria-hidden=\"true\" class=\"wp-block-cover__background has-background-dim-0 has-background-dim\" style=\"background-color:#b59e80\"><\/span><div class=\"wp-block-cover__inner-container is-layout-flow wp-block-cover-is-layout-flow\">\n<div class=\"wp-block-group has-global-padding is-layout-constrained wp-block-group-is-layout-constrained\" style=\"min-height:15em\">\n<p class=\"has-text-align-center has-large-font-size\"><\/p>\n<\/div>\n<\/div><\/div>\n<\/div>\n\n\n\n<div class=\"wp-block-column has-accent-1-background-color has-background is-layout-flow wp-block-column-is-layout-flow\" style=\"flex-basis:20%\">\n<p class=\"has-text-align-justify wp-container-content-8d1725e3\" style=\"margin-top:var(--wp--preset--spacing--30);margin-right:var(--wp--preset--spacing--30);margin-bottom:var(--wp--preset--spacing--30);margin-left:var(--wp--preset--spacing--30);line-height:1.1;text-transform:none\">Mitt navn er Jesper, og det er jeg som st\u00e5r bak Evig. <\/p>\n\n\n\n<p class=\"has-text-align-justify wp-container-content-8d1725e3\" style=\"margin-top:var(--wp--preset--spacing--30);margin-right:var(--wp--preset--spacing--30);margin-bottom:var(--wp--preset--spacing--30);margin-left:var(--wp--preset--spacing--30);line-height:1.1;text-transform:none\">Jeg er utdannet fotograf og arkitekt, og jeg brenner for det enkle, funksjonelle og vakre. Jeg er vokst opp i en familie som alltid har verdsatt kreativitet og \u00e5 skape. \u00c5 lage ting med sine egne hender er noe av det fineste jeg vet. \u00c5 foredle et materiale til \u00e5 bli noe man har skapt ut fra en id\u00e9 eller en tanke. I oppveksten var det ikke ubegrenset med ressurser til \u00e5 kj\u00f8pe nye ting, hver gang det var behov for det. Imidlertid var det alltid en l\u00f8sning, gjerne i form av at noe m\u00e5tte bli om til noe annet. <\/p>\n\n\n\n<p class=\"has-text-align-justify wp-container-content-8d1725e3\" style=\"margin-top:var(--wp--preset--spacing--30);margin-right:var(--wp--preset--spacing--30);margin-bottom:var(--wp--preset--spacing--30);margin-left:var(--wp--preset--spacing--30);line-height:1.1;text-transform:none\">Evig som konsept oppsto da jeg hadde behov for et nytt spisebord. Jeg lette lenge uten \u00e5 finne det jeg s\u00e5 etter. Alle bordene jeg fant var enten for dyre, for store, for sm\u00e5, feil materiale eller utdatert i designet. Jeg bestemte meg for \u00e5 lage mitt eget bord i stedet.<\/p>\n<\/div>\n\n\n\n<div class=\"wp-block-column is-layout-flow wp-block-column-is-layout-flow\"><\/div>\n\n\n\n<div class=\"wp-block-column has-accent-1-background-color has-background is-layout-flow wp-block-column-is-layout-flow\" style=\"flex-basis:20%\">\n<p class=\"has-text-align-justify wp-container-content-8d1725e3\" style=\"margin-top:var(--wp--preset--spacing--30);margin-right:var(--wp--preset--spacing--30);margin-bottom:var(--wp--preset--spacing--30);margin-left:var(--wp--preset--spacing--30);line-height:1.1;text-transform:none\">F\u00f8rst fant jeg et \u201cdonor-bord\u201d &#8211; et utdatert, slitent bord fra forrige \u00e5rhundre, laget av heltre eik og sponplater. Designet ble til ut fra hva jeg kunne hente ut av materiale. Resultatet ble et spisebord, skreddersydd til mine behov. Denne erfaringen tente inspirasjonen min, og jeg begynte \u00e5 se etter mulige ressurser. <\/p>\n\n\n\n<p class=\"has-text-align-justify wp-container-content-8d1725e3\" style=\"margin-top:var(--wp--preset--spacing--30);margin-right:var(--wp--preset--spacing--30);margin-bottom:var(--wp--preset--spacing--30);margin-left:var(--wp--preset--spacing--30);line-height:1.1;text-transform:none\">Evig handler om \u00e5 skape merverdier ut av rester, ting som ikke har s\u00e5 stor egenverdi eller ikke lenger settes pris p\u00e5.<em> <\/em><\/p>\n\n\n\n<p class=\"has-text-align-justify wp-container-content-8d1725e3\" style=\"margin-top:var(--wp--preset--spacing--30);margin-right:var(--wp--preset--spacing--30);margin-bottom:var(--wp--preset--spacing--30);margin-left:var(--wp--preset--spacing--30);line-height:1.1;text-transform:none\">I 2025 startet utviklingen av det f\u00f8rste produktet, etter at jeg hentet 50 kvadratmeter med eikegulv. Gulvet var i rimelig god stand, men ville ikke latt seg gjenbruke som gulv uten bearbeiding. <\/p>\n\n\n\n<p class=\"has-text-align-justify wp-container-content-8d1725e3\" style=\"margin-top:var(--wp--preset--spacing--30);margin-right:var(--wp--preset--spacing--30);margin-bottom:var(--wp--preset--spacing--30);margin-left:var(--wp--preset--spacing--30);line-height:1.1;text-transform:none\">Alle Evig-produktene er designet og produsert i Oslo.<\/p>\n<\/div>\n\n\n\n<div class=\"wp-block-column is-vertically-aligned-stretch is-layout-flow wp-block-column-is-layout-flow\" style=\"flex-basis:20%\">\n<div class=\"wp-block-cover is-light wp-duotone-111111-fbfaf3-2\" style=\"min-height:100%;aspect-ratio:unset;\"><img loading=\"lazy\" decoding=\"async\" width=\"1709\" height=\"2560\" class=\"wp-block-cover__image-background wp-image-249 size-full\" alt=\"\" src=\"https:\/\/evig.studio\/wp-content\/uploads\/2025\/10\/251016_Evig_Brett0105-scaled.jpg\" style=\"object-position:52% 15%\" data-object-fit=\"cover\" data-object-position=\"52% 15%\" srcset=\"https:\/\/evig.studio\/wp-content\/uploads\/2025\/10\/251016_Evig_Brett0105-scaled.jpg 1709w, https:\/\/evig.studio\/wp-content\/uploads\/2025\/10\/251016_Evig_Brett0105-200x300.jpg 200w, https:\/\/evig.studio\/wp-content\/uploads\/2025\/10\/251016_Evig_Brett0105-683x1024.jpg 683w, https:\/\/evig.studio\/wp-content\/uploads\/2025\/10\/251016_Evig_Brett0105-768x1151.jpg 768w, https:\/\/evig.studio\/wp-content\/uploads\/2025\/10\/251016_Evig_Brett0105-1025x1536.jpg 1025w, https:\/\/evig.studio\/wp-content\/uploads\/2025\/10\/251016_Evig_Brett0105-1367x2048.jpg 1367w, https:\/\/evig.studio\/wp-content\/uploads\/2025\/10\/251016_Evig_Brett0105-600x899.jpg 600w\" sizes=\"auto, (max-width: 1709px) 100vw, 1709px\" \/><span aria-hidden=\"true\" class=\"wp-block-cover__background has-background-dim-0 has-background-dim\" style=\"background-color:#c1c1c1\"><\/span><div class=\"wp-block-cover__inner-container is-layout-flow wp-block-cover-is-layout-flow\">\n<div class=\"wp-block-group has-global-padding is-layout-constrained wp-block-group-is-layout-constrained\" style=\"min-height:15em\">\n<p class=\"has-text-align-center has-large-font-size\"><\/p>\n<\/div>\n<\/div><\/div>\n<\/div>\n<\/div>\n","protected":false},"excerpt":{"rendered":"<p>Evig \u2013 en var i g\u00e5r alt har v\u00e6rt noe f\u00f8r, alt kan bli noe igjen. evig gir nytt liv til det gamle og brukte. I en tid der ting kastes f\u00f8r de f\u00e5r sette spor, l\u00f8fter evig frem det som fortsatt har kraft i seg. Gamle ressurser b\u00e6rer verdi \u2013 ikke bare fysisk, men [&hellip;]<\/p>\n","protected":false},"author":1,"featured_media":0,"parent":0,"menu_order":0,"comment_status":"closed","ping_status":"closed","template":"page-no-title","meta":{"footnotes":""},"class_list":["post-2","page","type-page","status-publish","hentry"],"yoast_head":"<!-- This site is optimized with the Yoast SEO plugin v26.1.1 - https:\/\/yoast.com\/wordpress\/plugins\/seo\/ -->\n<title>Om Evig - Evig<\/title>\n<meta name=\"robots\" content=\"index, follow, max-snippet:-1, max-image-preview:large, max-video-preview:-1\" \/>\n<link rel=\"canonical\" href=\"https:\/\/evig.studio\/index.php\/om-evig\/\" \/>\n<meta property=\"og:locale\" content=\"nb_NO\" \/>\n<meta property=\"og:type\" content=\"article\" \/>\n<meta property=\"og:title\" content=\"Om Evig - Evig\" \/>\n<meta property=\"og:description\" content=\"Evig \u2013 en var i g\u00e5r alt har v\u00e6rt noe f\u00f8r, alt kan bli noe igjen. evig gir nytt liv til det gamle og brukte. I en tid der ting kastes f\u00f8r de f\u00e5r sette spor, l\u00f8fter evig frem det som fortsatt har kraft i seg. Gamle ressurser b\u00e6rer verdi \u2013 ikke bare fysisk, men [&hellip;]\" \/>\n<meta property=\"og:url\" content=\"https:\/\/evig.studio\/index.php\/om-evig\/\" \/>\n<meta property=\"og:site_name\" content=\"Evig\" \/>\n<meta property=\"article:modified_time\" content=\"2025-10-17T13:01:37+00:00\" \/>\n<meta property=\"og:image\" content=\"https:\/\/evig.studio\/wp-content\/uploads\/2025\/10\/IMG_4358-scaled.jpeg\" \/>\n\t<meta property=\"og:image:width\" content=\"1861\" \/>\n\t<meta property=\"og:image:height\" content=\"2560\" \/>\n\t<meta property=\"og:image:type\" content=\"image\/jpeg\" \/>\n<meta name=\"twitter:card\" content=\"summary_large_image\" \/>\n<meta name=\"twitter:label1\" content=\"Ansl. lesetid\" \/>\n\t<meta name=\"twitter:data1\" content=\"3 minutter\" \/>\n<script type=\"application\/ld+json\" class=\"yoast-schema-graph\">{\"@context\":\"https:\/\/schema.org\",\"@graph\":[{\"@type\":\"WebPage\",\"@id\":\"https:\/\/evig.studio\/index.php\/om-evig\/\",\"url\":\"https:\/\/evig.studio\/index.php\/om-evig\/\",\"name\":\"Om Evig - Evig\",\"isPartOf\":{\"@id\":\"https:\/\/evig.studio\/#website\"},\"primaryImageOfPage\":{\"@id\":\"https:\/\/evig.studio\/index.php\/om-evig\/#primaryimage\"},\"image\":{\"@id\":\"https:\/\/evig.studio\/index.php\/om-evig\/#primaryimage\"},\"thumbnailUrl\":\"https:\/\/evig.studio\/wp-content\/uploads\/2025\/10\/IMG_4358-scaled.jpeg\",\"datePublished\":\"2025-09-25T11:57:59+00:00\",\"dateModified\":\"2025-10-17T13:01:37+00:00\",\"breadcrumb\":{\"@id\":\"https:\/\/evig.studio\/index.php\/om-evig\/#breadcrumb\"},\"inLanguage\":\"nb-NO\",\"potentialAction\":[{\"@type\":\"ReadAction\",\"target\":[\"https:\/\/evig.studio\/index.php\/om-evig\/\"]}]},{\"@type\":\"ImageObject\",\"inLanguage\":\"nb-NO\",\"@id\":\"https:\/\/evig.studio\/index.php\/om-evig\/#primaryimage\",\"url\":\"https:\/\/evig.studio\/wp-content\/uploads\/2025\/10\/IMG_4358-scaled.jpeg\",\"contentUrl\":\"https:\/\/evig.studio\/wp-content\/uploads\/2025\/10\/IMG_4358-scaled.jpeg\",\"width\":1861,\"height\":2560},{\"@type\":\"BreadcrumbList\",\"@id\":\"https:\/\/evig.studio\/index.php\/om-evig\/#breadcrumb\",\"itemListElement\":[{\"@type\":\"ListItem\",\"position\":1,\"name\":\"Hjem\",\"item\":\"https:\/\/evig.studio\/\"},{\"@type\":\"ListItem\",\"position\":2,\"name\":\"Om Evig\"}]},{\"@type\":\"WebSite\",\"@id\":\"https:\/\/evig.studio\/#website\",\"url\":\"https:\/\/evig.studio\/\",\"name\":\"Evig\",\"description\":\"Alt har v\u00e6rt noe f\u00f8r. Alt kan bli noe igjen.\",\"publisher\":{\"@id\":\"https:\/\/evig.studio\/#organization\"},\"potentialAction\":[{\"@type\":\"SearchAction\",\"target\":{\"@type\":\"EntryPoint\",\"urlTemplate\":\"https:\/\/evig.studio\/?s={search_term_string}\"},\"query-input\":{\"@type\":\"PropertyValueSpecification\",\"valueRequired\":true,\"valueName\":\"search_term_string\"}}],\"inLanguage\":\"nb-NO\"},{\"@type\":\"Organization\",\"@id\":\"https:\/\/evig.studio\/#organization\",\"name\":\"Evig\",\"url\":\"https:\/\/evig.studio\/\",\"logo\":{\"@type\":\"ImageObject\",\"inLanguage\":\"nb-NO\",\"@id\":\"https:\/\/evig.studio\/#\/schema\/logo\/image\/\",\"url\":\"https:\/\/evig.studio\/wp-content\/uploads\/2025\/09\/Brand.jpg\",\"contentUrl\":\"https:\/\/evig.studio\/wp-content\/uploads\/2025\/09\/Brand.jpg\",\"width\":944,\"height\":315,\"caption\":\"Evig\"},\"image\":{\"@id\":\"https:\/\/evig.studio\/#\/schema\/logo\/image\/\"}}]}<\/script>\n<!-- \/ Yoast SEO plugin. -->","yoast_head_json":{"title":"Om Evig - Evig","robots":{"index":"index","follow":"follow","max-snippet":"max-snippet:-1","max-image-preview":"max-image-preview:large","max-video-preview":"max-video-preview:-1"},"canonical":"https:\/\/evig.studio\/index.php\/om-evig\/","og_locale":"nb_NO","og_type":"article","og_title":"Om Evig - Evig","og_description":"Evig \u2013 en var i g\u00e5r alt har v\u00e6rt noe f\u00f8r, alt kan bli noe igjen. evig gir nytt liv til det gamle og brukte. I en tid der ting kastes f\u00f8r de f\u00e5r sette spor, l\u00f8fter evig frem det som fortsatt har kraft i seg. Gamle ressurser b\u00e6rer verdi \u2013 ikke bare fysisk, men [&hellip;]","og_url":"https:\/\/evig.studio\/index.php\/om-evig\/","og_site_name":"Evig","article_modified_time":"2025-10-17T13:01:37+00:00","og_image":[{"width":1861,"height":2560,"url":"https:\/\/evig.studio\/wp-content\/uploads\/2025\/10\/IMG_4358-scaled.jpeg","type":"image\/jpeg"}],"twitter_card":"summary_large_image","twitter_misc":{"Ansl. lesetid":"3 minutter"},"schema":{"@context":"https:\/\/schema.org","@graph":[{"@type":"WebPage","@id":"https:\/\/evig.studio\/index.php\/om-evig\/","url":"https:\/\/evig.studio\/index.php\/om-evig\/","name":"Om Evig - Evig","isPartOf":{"@id":"https:\/\/evig.studio\/#website"},"primaryImageOfPage":{"@id":"https:\/\/evig.studio\/index.php\/om-evig\/#primaryimage"},"image":{"@id":"https:\/\/evig.studio\/index.php\/om-evig\/#primaryimage"},"thumbnailUrl":"https:\/\/evig.studio\/wp-content\/uploads\/2025\/10\/IMG_4358-scaled.jpeg","datePublished":"2025-09-25T11:57:59+00:00","dateModified":"2025-10-17T13:01:37+00:00","breadcrumb":{"@id":"https:\/\/evig.studio\/index.php\/om-evig\/#breadcrumb"},"inLanguage":"nb-NO","potentialAction":[{"@type":"ReadAction","target":["https:\/\/evig.studio\/index.php\/om-evig\/"]}]},{"@type":"ImageObject","inLanguage":"nb-NO","@id":"https:\/\/evig.studio\/index.php\/om-evig\/#primaryimage","url":"https:\/\/evig.studio\/wp-content\/uploads\/2025\/10\/IMG_4358-scaled.jpeg","contentUrl":"https:\/\/evig.studio\/wp-content\/uploads\/2025\/10\/IMG_4358-scaled.jpeg","width":1861,"height":2560},{"@type":"BreadcrumbList","@id":"https:\/\/evig.studio\/index.php\/om-evig\/#breadcrumb","itemListElement":[{"@type":"ListItem","position":1,"name":"Hjem","item":"https:\/\/evig.studio\/"},{"@type":"ListItem","position":2,"name":"Om Evig"}]},{"@type":"WebSite","@id":"https:\/\/evig.studio\/#website","url":"https:\/\/evig.studio\/","name":"Evig","description":"Alt har v\u00e6rt noe f\u00f8r. Alt kan bli noe igjen.","publisher":{"@id":"https:\/\/evig.studio\/#organization"},"potentialAction":[{"@type":"SearchAction","target":{"@type":"EntryPoint","urlTemplate":"https:\/\/evig.studio\/?s={search_term_string}"},"query-input":{"@type":"PropertyValueSpecification","valueRequired":true,"valueName":"search_term_string"}}],"inLanguage":"nb-NO"},{"@type":"Organization","@id":"https:\/\/evig.studio\/#organization","name":"Evig","url":"https:\/\/evig.studio\/","logo":{"@type":"ImageObject","inLanguage":"nb-NO","@id":"https:\/\/evig.studio\/#\/schema\/logo\/image\/","url":"https:\/\/evig.studio\/wp-content\/uploads\/2025\/09\/Brand.jpg","contentUrl":"https:\/\/evig.studio\/wp-content\/uploads\/2025\/09\/Brand.jpg","width":944,"height":315,"caption":"Evig"},"image":{"@id":"https:\/\/evig.studio\/#\/schema\/logo\/image\/"}}]}},"jetpack_sharing_enabled":true,"_links":{"self":[{"href":"https:\/\/evig.studio\/index.php\/wp-json\/wp\/v2\/pages\/2","targetHints":{"allow":["GET"]}}],"collection":[{"href":"https:\/\/evig.studio\/index.php\/wp-json\/wp\/v2\/pages"}],"about":[{"href":"https:\/\/evig.studio\/index.php\/wp-json\/wp\/v2\/types\/page"}],"author":[{"embeddable":true,"href":"https:\/\/evig.studio\/index.php\/wp-json\/wp\/v2\/users\/1"}],"replies":[{"embeddable":true,"href":"https:\/\/evig.studio\/index.php\/wp-json\/wp\/v2\/comments?post=2"}],"version-history":[{"count":16,"href":"https:\/\/evig.studio\/index.php\/wp-json\/wp\/v2\/pages\/2\/revisions"}],"predecessor-version":[{"id":251,"href":"https:\/\/evig.studio\/index.php\/wp-json\/wp\/v2\/pages\/2\/revisions\/251"}],"wp:attachment":[{"href":"https:\/\/evig.studio\/index.php\/wp-json\/wp\/v2\/media?parent=2"}],"curies":[{"name":"wp","href":"https:\/\/api.w.org\/{rel}","templated":true}]}}